{"id":7859,"date":"2023-09-10T03:33:41","date_gmt":"2023-09-10T03:33:41","guid":{"rendered":"https:\/\/perfumeriaintercontinental.com\/?post_type=product&#038;p=7859"},"modified":"2023-09-10T03:33:42","modified_gmt":"2023-09-10T03:33:42","slug":"kate-spade-new-york-de-kate-spade-eau-de-parfum-dama-100ml","status":"publish","type":"product","link":"https:\/\/perfumeriaintercontinental.com\/index.php\/producto\/kate-spade-new-york-de-kate-spade-eau-de-parfum-dama-100ml\/","title":{"rendered":"Kate Spade New York de Kate Spade Eau de Parfum Dama 100ml"},"content":{"rendered":"<p><strong>Kate Spade New York de Kate Spade<\/strong> es una fragancia de la familia olfativa Floral Frutal para Mujeres. <strong>Kate Spade New York<\/strong> se lanz\u00f3 en 2020. La Nariz detr\u00e1s de esta fragrancia es Marie Salamagne. Las Notas de Salida son fresa salvaje, c\u00edtricos y bergamota; las Notas de Coraz\u00f3n son rosa y fresia; las Notas de Fondo son ambroxan y cachemira.<\/p>\n<p><strong>PERFUMES ORIGINALES<\/strong><br \/>\nTUS COMPRAS 100% PROTEGIDAS<br \/>\nVISITANOS EN NUESTRAS REDES SOCIALES<br \/>\n<a href=\"https:\/\/www.instagram.com\/perfumeriaintercontinental\" title=\"Perfumer\u00eda Intercontinental\" rel=\"noopener\" target=\"_blank\">https:\/\/www.instagram.com\/perfumeriaintercontinental<\/a><br \/>\n<a href=\"https:\/\/www.facebook.com\/profile.php?id=100093904003521&#038;mibextid=ZbWKwL\/\" title=\"Perfumer\u00eda Intercontinental\" rel=\"noopener\" target=\"_blank\">https:\/\/www.facebook.com\/profile.php?id=100093904003521&#038;mibextid=ZbWKwL<\/p>\n","protected":false},"excerpt":{"rendered":"<p>PERFUMES DISE\u00d1ADOR<\/p>\n","protected":false},"featured_media":7860,"comment_status":"open","ping_status":"closed","template":"","meta":{"_eb_attr":"","om_disable_all_campaigns":false,"_monsterinsights_skip_tracking":false,"_monsterinsights_sitenote_active":false,"_monsterinsights_sitenote_note":"","_monsterinsights_sitenote_category":0},"product_brand":[],"product_cat":[15,30],"product_tag":[],"class_list":{"0":"post-7859","1":"product","2":"type-product","3":"status-publish","4":"has-post-thumbnail","6":"product_cat-todos-los-productos","7":"product_cat-mujer","10":"first","11":"instock","12":"shipping-taxable","13":"purchasable","14":"product-type-simple"},"aioseo_notices":[],"_links":{"self":[{"href":"https:\/\/perfumeriaintercontinental.com\/index.php\/wp-json\/wp\/v2\/product\/7859","targetHints":{"allow":["GET"]}}],"collection":[{"href":"https:\/\/perfumeriaintercontinental.com\/index.php\/wp-json\/wp\/v2\/product"}],"about":[{"href":"https:\/\/perfumeriaintercontinental.com\/index.php\/wp-json\/wp\/v2\/types\/product"}],"replies":[{"embeddable":true,"href":"https:\/\/perfumeriaintercontinental.com\/index.php\/wp-json\/wp\/v2\/comments?post=7859"}],"version-history":[{"count":1,"href":"https:\/\/perfumeriaintercontinental.com\/index.php\/wp-json\/wp\/v2\/product\/7859\/revisions"}],"predecessor-version":[{"id":7861,"href":"https:\/\/perfumeriaintercontinental.com\/index.php\/wp-json\/wp\/v2\/product\/7859\/revisions\/7861"}],"wp:featuredmedia":[{"embeddable":true,"href":"https:\/\/perfumeriaintercontinental.com\/index.php\/wp-json\/wp\/v2\/media\/7860"}],"wp:attachment":[{"href":"https:\/\/perfumeriaintercontinental.com\/index.php\/wp-json\/wp\/v2\/media?parent=7859"}],"wp:term":[{"taxonomy":"product_brand","embeddable":true,"href":"https:\/\/perfumeriaintercontinental.com\/index.php\/wp-json\/wp\/v2\/product_brand?post=7859"},{"taxonomy":"product_cat","embeddable":true,"href":"https:\/\/perfumeriaintercontinental.com\/index.php\/wp-json\/wp\/v2\/product_cat?post=7859"},{"taxonomy":"product_tag","embeddable":true,"href":"https:\/\/perfumeriaintercontinental.com\/index.php\/wp-json\/wp\/v2\/product_tag?post=7859"}],"curies":[{"name":"wp","href":"https:\/\/api.w.org\/{rel}","templated":true}]}}