{"id":8730,"date":"2023-10-01T10:53:29","date_gmt":"2023-10-01T15:53:29","guid":{"rendered":"https:\/\/perfumeriaintercontinental.com\/?post_type=product&#038;p=8730"},"modified":"2025-03-03T12:35:17","modified_gmt":"2025-03-03T17:35:17","slug":"mancera-aoud-cafe-eau-de-parfum-unisex-120ml","status":"publish","type":"product","link":"https:\/\/perfumeriaintercontinental.com\/index.php\/producto\/mancera-aoud-cafe-eau-de-parfum-unisex-120ml\/","title":{"rendered":"Mancera Aoud Cafe Eau De Parfum Unisex 120ml"},"content":{"rendered":"<p><strong>Aoud Caf\u00e9 de Mancera<\/strong> es una fragancia de la familia olfativa \u00c1mbar Vainilla para Hombres y Mujeres.<\/p>\n<p><strong>Aoud Caf\u00e9<\/strong> se lanz\u00f3 en 2013. La Nariz detr\u00e1s de esta fragancia es Pierre Montale.<\/p>\n<p>Las Notas de Salida son grosellas negras, bergamota y durazno (melocot\u00f3n); las Notas de Coraz\u00f3n son caf\u00e9, \u00e1mbar y notas florales; las Notas de Fondo son notas amaderadas, notas dulces y almizcle blanco.<\/p>\n<p>PERFUMES ORIGINALES<br \/>\nTUS COMPRAS 100% PROTEGIDAS<br \/>\nVISITANOS EN NUESTRAS REDES SOCIALES<br \/>\n<a title=\"Perfumer\u00eda Intercontinental\" href=\"https:\/\/www.instagram.com\/perfumeriaintercontinental\" target=\"_blank\" rel=\"noopener\">https:\/\/www.instagram.com\/perfumeriaintercontinental<\/a><br \/>\n<a title=\"Perfumer\u00eda Intercontinental\" href=\"https:\/\/www.facebook.com\/profile.php?id=100093904003521&amp;mibextid=ZbWKwL\/\" target=\"_blank\" rel=\"noopener\">https:\/\/www.facebook.com\/profile.php?id=100093904003521&amp;mibextid=ZbWKwL<\/a><\/p>\n","protected":false},"excerpt":{"rendered":"<p>Aoud Caf\u00e9 de Mancera es una fragancia de la familia olfativa \u00c1mbar Vainilla para Hombres y Mujeres. Aoud Caf\u00e9 se lanz\u00f3 en 2013. La Nariz detr\u00e1s de esta fragancia es Pierre Montale. Las Notas de Salida son grosellas negras, bergamota y durazno (melocot\u00f3n); las Notas de Coraz\u00f3n son caf\u00e9, \u00e1mbar y notas florales; las Notas de Fondo son notas amaderadas, notas dulces y almizcle blanco. PERFUMES ORIGINALES TUS COMPRAS 100% PROTEGIDAS VISITANOS EN NUESTRAS REDES SOCIALES https:\/\/www.instagram.com\/perfumeriaintercontinental https:\/\/www.facebook.com\/profile.php?id=100093904003521&amp;mibextid=ZbWKwL<\/p>\n","protected":false},"featured_media":8731,"comment_status":"open","ping_status":"closed","template":"","meta":{"_eb_attr":"","om_disable_all_campaigns":false,"_monsterinsights_skip_tracking":false,"_monsterinsights_sitenote_active":false,"_monsterinsights_sitenote_note":"","_monsterinsights_sitenote_category":0},"product_brand":[],"product_cat":[157,15,29,30,31],"product_tag":[],"class_list":{"0":"post-8730","1":"product","2":"type-product","3":"status-publish","4":"has-post-thumbnail","6":"product_cat-mancera","7":"product_cat-todos-los-productos","8":"product_cat-hombre","9":"product_cat-mujer","10":"product_cat-unisex","13":"first","14":"instock","15":"shipping-taxable","16":"purchasable","17":"product-type-simple"},"aioseo_notices":[],"_links":{"self":[{"href":"https:\/\/perfumeriaintercontinental.com\/index.php\/wp-json\/wp\/v2\/product\/8730","targetHints":{"allow":["GET"]}}],"collection":[{"href":"https:\/\/perfumeriaintercontinental.com\/index.php\/wp-json\/wp\/v2\/product"}],"about":[{"href":"https:\/\/perfumeriaintercontinental.com\/index.php\/wp-json\/wp\/v2\/types\/product"}],"replies":[{"embeddable":true,"href":"https:\/\/perfumeriaintercontinental.com\/index.php\/wp-json\/wp\/v2\/comments?post=8730"}],"version-history":[{"count":2,"href":"https:\/\/perfumeriaintercontinental.com\/index.php\/wp-json\/wp\/v2\/product\/8730\/revisions"}],"predecessor-version":[{"id":14361,"href":"https:\/\/perfumeriaintercontinental.com\/index.php\/wp-json\/wp\/v2\/product\/8730\/revisions\/14361"}],"wp:featuredmedia":[{"embeddable":true,"href":"https:\/\/perfumeriaintercontinental.com\/index.php\/wp-json\/wp\/v2\/media\/8731"}],"wp:attachment":[{"href":"https:\/\/perfumeriaintercontinental.com\/index.php\/wp-json\/wp\/v2\/media?parent=8730"}],"wp:term":[{"taxonomy":"product_brand","embeddable":true,"href":"https:\/\/perfumeriaintercontinental.com\/index.php\/wp-json\/wp\/v2\/product_brand?post=8730"},{"taxonomy":"product_cat","embeddable":true,"href":"https:\/\/perfumeriaintercontinental.com\/index.php\/wp-json\/wp\/v2\/product_cat?post=8730"},{"taxonomy":"product_tag","embeddable":true,"href":"https:\/\/perfumeriaintercontinental.com\/index.php\/wp-json\/wp\/v2\/product_tag?post=8730"}],"curies":[{"name":"wp","href":"https:\/\/api.w.org\/{rel}","templated":true}]}}