{"id":9204,"date":"2023-10-08T13:41:05","date_gmt":"2023-10-08T18:41:05","guid":{"rendered":"https:\/\/perfumeriaintercontinental.com\/?post_type=product&#038;p=9204"},"modified":"2025-03-08T15:16:34","modified_gmt":"2025-03-08T20:16:34","slug":"versace-pour-homme-dylan-blue-eau-de-toilette-caballero-100ml-2","status":"publish","type":"product","link":"https:\/\/perfumeriaintercontinental.com\/index.php\/producto\/versace-pour-homme-dylan-blue-eau-de-toilette-caballero-100ml-2\/","title":{"rendered":"Versace Pour Homme Dylan Blue Eau de Toilette Caballero 100ml"},"content":{"rendered":"<p><strong>Versace Pour Homme Dylan Blue de Versace<\/strong> es una fragancia de la familia olfativa Arom\u00e1tica Foug\u00e8re para Hombres. <strong>Versace Pour Homme Dylan Blue<\/strong> se lanz\u00f3 en 2016. La Nariz detr\u00e1s de esta fragrancia es Alberto Morillas. Las Notas de Salida son bergamota de Calabria, notas acu\u00e1ticas, toronja (pomelo) y hojas de higuera; las Notas de Coraz\u00f3n son ambroxan, pimienta negra, pachul\u00ed, hojas de violeta y papiro de Egipto; las Notas de Fondo son incienso, almizcle, haba tonka y azafr\u00e1n.<\/p>\n<p><strong>PERFUMES ORIGINALES<\/strong><\/p>\n","protected":false},"excerpt":{"rendered":"<p>PERFUMES DISE\u00d1ADOR<\/p>\n","protected":false},"featured_media":6188,"comment_status":"open","ping_status":"closed","template":"","meta":{"_eb_attr":"","om_disable_all_campaigns":false,"_monsterinsights_skip_tracking":false,"_monsterinsights_sitenote_active":false,"_monsterinsights_sitenote_note":"","_monsterinsights_sitenote_category":0},"product_brand":[],"product_cat":[186,15,29],"product_tag":[],"class_list":{"0":"post-9204","1":"product","2":"type-product","3":"status-publish","4":"has-post-thumbnail","6":"product_cat-versace","7":"product_cat-todos-los-productos","8":"product_cat-hombre","11":"first","12":"instock","13":"shipping-taxable","14":"purchasable","15":"product-type-simple"},"aioseo_notices":[],"_links":{"self":[{"href":"https:\/\/perfumeriaintercontinental.com\/index.php\/wp-json\/wp\/v2\/product\/9204","targetHints":{"allow":["GET"]}}],"collection":[{"href":"https:\/\/perfumeriaintercontinental.com\/index.php\/wp-json\/wp\/v2\/product"}],"about":[{"href":"https:\/\/perfumeriaintercontinental.com\/index.php\/wp-json\/wp\/v2\/types\/product"}],"replies":[{"embeddable":true,"href":"https:\/\/perfumeriaintercontinental.com\/index.php\/wp-json\/wp\/v2\/comments?post=9204"}],"version-history":[{"count":1,"href":"https:\/\/perfumeriaintercontinental.com\/index.php\/wp-json\/wp\/v2\/product\/9204\/revisions"}],"predecessor-version":[{"id":9205,"href":"https:\/\/perfumeriaintercontinental.com\/index.php\/wp-json\/wp\/v2\/product\/9204\/revisions\/9205"}],"wp:featuredmedia":[{"embeddable":true,"href":"https:\/\/perfumeriaintercontinental.com\/index.php\/wp-json\/wp\/v2\/media\/6188"}],"wp:attachment":[{"href":"https:\/\/perfumeriaintercontinental.com\/index.php\/wp-json\/wp\/v2\/media?parent=9204"}],"wp:term":[{"taxonomy":"product_brand","embeddable":true,"href":"https:\/\/perfumeriaintercontinental.com\/index.php\/wp-json\/wp\/v2\/product_brand?post=9204"},{"taxonomy":"product_cat","embeddable":true,"href":"https:\/\/perfumeriaintercontinental.com\/index.php\/wp-json\/wp\/v2\/product_cat?post=9204"},{"taxonomy":"product_tag","embeddable":true,"href":"https:\/\/perfumeriaintercontinental.com\/index.php\/wp-json\/wp\/v2\/product_tag?post=9204"}],"curies":[{"name":"wp","href":"https:\/\/api.w.org\/{rel}","templated":true}]}}