{"id":9250,"date":"2023-10-08T16:11:21","date_gmt":"2023-10-08T21:11:21","guid":{"rendered":"https:\/\/perfumeriaintercontinental.com\/?post_type=product&#038;p=9250"},"modified":"2025-02-27T12:43:16","modified_gmt":"2025-02-27T17:43:16","slug":"benetton-united-colors-sisterland-blue-neroli-edt-dama-80ml-2","status":"publish","type":"product","link":"https:\/\/perfumeriaintercontinental.com\/index.php\/producto\/benetton-united-colors-sisterland-blue-neroli-edt-dama-80ml-2\/","title":{"rendered":"Benetton United Colors Sisterland Blue Neroli EDT Dama 80ml"},"content":{"rendered":"<p>Las Notas de Salida son naranja sanguina, mandarina, bergamota y pera; las Notas de Coraz\u00f3n son neroli, jazm\u00edn, flor de azahar del naranjo y lirio de los valles (muguete); las Notas de Fondo son almizcle, cedro, vainilla y \u00e1mbar.<\/p>\n<p><strong>PERFUMES ORIGINALES<\/strong><\/p>\n","protected":false},"excerpt":{"rendered":"<p>PERFUMES DISE\u00d1ADOR<\/p>\n","protected":false},"featured_media":6485,"comment_status":"open","ping_status":"closed","template":"","meta":{"_eb_attr":"","om_disable_all_campaigns":false,"_monsterinsights_skip_tracking":false,"_monsterinsights_sitenote_active":false,"_monsterinsights_sitenote_note":"","_monsterinsights_sitenote_category":0},"product_brand":[],"product_cat":[207,15,30],"product_tag":[],"class_list":{"0":"post-9250","1":"product","2":"type-product","3":"status-publish","4":"has-post-thumbnail","6":"product_cat-benetton","7":"product_cat-todos-los-productos","8":"product_cat-mujer","11":"first","12":"instock","13":"shipping-taxable","14":"purchasable","15":"product-type-simple"},"aioseo_notices":[],"_links":{"self":[{"href":"https:\/\/perfumeriaintercontinental.com\/index.php\/wp-json\/wp\/v2\/product\/9250","targetHints":{"allow":["GET"]}}],"collection":[{"href":"https:\/\/perfumeriaintercontinental.com\/index.php\/wp-json\/wp\/v2\/product"}],"about":[{"href":"https:\/\/perfumeriaintercontinental.com\/index.php\/wp-json\/wp\/v2\/types\/product"}],"replies":[{"embeddable":true,"href":"https:\/\/perfumeriaintercontinental.com\/index.php\/wp-json\/wp\/v2\/comments?post=9250"}],"version-history":[{"count":1,"href":"https:\/\/perfumeriaintercontinental.com\/index.php\/wp-json\/wp\/v2\/product\/9250\/revisions"}],"predecessor-version":[{"id":9251,"href":"https:\/\/perfumeriaintercontinental.com\/index.php\/wp-json\/wp\/v2\/product\/9250\/revisions\/9251"}],"wp:featuredmedia":[{"embeddable":true,"href":"https:\/\/perfumeriaintercontinental.com\/index.php\/wp-json\/wp\/v2\/media\/6485"}],"wp:attachment":[{"href":"https:\/\/perfumeriaintercontinental.com\/index.php\/wp-json\/wp\/v2\/media?parent=9250"}],"wp:term":[{"taxonomy":"product_brand","embeddable":true,"href":"https:\/\/perfumeriaintercontinental.com\/index.php\/wp-json\/wp\/v2\/product_brand?post=9250"},{"taxonomy":"product_cat","embeddable":true,"href":"https:\/\/perfumeriaintercontinental.com\/index.php\/wp-json\/wp\/v2\/product_cat?post=9250"},{"taxonomy":"product_tag","embeddable":true,"href":"https:\/\/perfumeriaintercontinental.com\/index.php\/wp-json\/wp\/v2\/product_tag?post=9250"}],"curies":[{"name":"wp","href":"https:\/\/api.w.org\/{rel}","templated":true}]}}