{"id":9259,"date":"2023-10-08T16:28:21","date_gmt":"2023-10-08T21:28:21","guid":{"rendered":"https:\/\/perfumeriaintercontinental.com\/?post_type=product&#038;p=9259"},"modified":"2025-02-27T12:43:12","modified_gmt":"2025-02-27T17:43:12","slug":"benetton-estuche-tribu-edt-dama-100ml-4-piezas-2","status":"publish","type":"product","link":"https:\/\/perfumeriaintercontinental.com\/index.php\/producto\/benetton-estuche-tribu-edt-dama-100ml-4-piezas-2\/","title":{"rendered":"Benetton Estuche Tribu EDT Dama 100ml 4 Piezas"},"content":{"rendered":"<p><strong>Tribu de Benetton<\/strong> es una fragancia de la familia olfativa Floral para Mujeres. <strong>Tribu<\/strong> se lanz\u00f3 en 1993. La Nariz detr\u00e1s de esta fragrancia es Bernard Ellena.<\/p>\n<p>Las Notas de Salida son grosellas negras, mandarina italiana y hojas de violeta; las Notas de Coraz\u00f3n son manzanilla, jazm\u00edn de Marruecos, ylang-ylang, geranio y rosa de Bulgaria (rosa Damascena de Bulgaria); las Notas de Fondo son musgo de roble, benju\u00ed, vetiver de Tahit\u00ed y s\u00e1ndalo.<\/p>\n<p><strong>PERFUMES ORIGINALES<\/strong><\/p>\n","protected":false},"excerpt":{"rendered":"<p>PERFUMES DISE\u00d1ADOR<\/p>\n<p>INCLUYE:<br \/>\n&#8211; Perfume Eau de Toilette x100ml<br \/>\n&#8211; Perfumero x10ml<br \/>\n&#8211; Gel de Ducha<br \/>\n&#8211; Crema Corporal.<\/p>\n","protected":false},"featured_media":6512,"comment_status":"open","ping_status":"closed","template":"","meta":{"_eb_attr":"","om_disable_all_campaigns":false,"_monsterinsights_skip_tracking":false,"_monsterinsights_sitenote_active":false,"_monsterinsights_sitenote_note":"","_monsterinsights_sitenote_category":0},"product_brand":[],"product_cat":[207,15,33,30],"product_tag":[],"class_list":{"0":"post-9259","1":"product","2":"type-product","3":"status-publish","4":"has-post-thumbnail","6":"product_cat-benetton","7":"product_cat-todos-los-productos","8":"product_cat-estuches-mujer","9":"product_cat-mujer","12":"first","13":"instock","14":"shipping-taxable","15":"purchasable","16":"product-type-simple"},"aioseo_notices":[],"_links":{"self":[{"href":"https:\/\/perfumeriaintercontinental.com\/index.php\/wp-json\/wp\/v2\/product\/9259","targetHints":{"allow":["GET"]}}],"collection":[{"href":"https:\/\/perfumeriaintercontinental.com\/index.php\/wp-json\/wp\/v2\/product"}],"about":[{"href":"https:\/\/perfumeriaintercontinental.com\/index.php\/wp-json\/wp\/v2\/types\/product"}],"replies":[{"embeddable":true,"href":"https:\/\/perfumeriaintercontinental.com\/index.php\/wp-json\/wp\/v2\/comments?post=9259"}],"version-history":[{"count":3,"href":"https:\/\/perfumeriaintercontinental.com\/index.php\/wp-json\/wp\/v2\/product\/9259\/revisions"}],"predecessor-version":[{"id":13876,"href":"https:\/\/perfumeriaintercontinental.com\/index.php\/wp-json\/wp\/v2\/product\/9259\/revisions\/13876"}],"wp:featuredmedia":[{"embeddable":true,"href":"https:\/\/perfumeriaintercontinental.com\/index.php\/wp-json\/wp\/v2\/media\/6512"}],"wp:attachment":[{"href":"https:\/\/perfumeriaintercontinental.com\/index.php\/wp-json\/wp\/v2\/media?parent=9259"}],"wp:term":[{"taxonomy":"product_brand","embeddable":true,"href":"https:\/\/perfumeriaintercontinental.com\/index.php\/wp-json\/wp\/v2\/product_brand?post=9259"},{"taxonomy":"product_cat","embeddable":true,"href":"https:\/\/perfumeriaintercontinental.com\/index.php\/wp-json\/wp\/v2\/product_cat?post=9259"},{"taxonomy":"product_tag","embeddable":true,"href":"https:\/\/perfumeriaintercontinental.com\/index.php\/wp-json\/wp\/v2\/product_tag?post=9259"}],"curies":[{"name":"wp","href":"https:\/\/api.w.org\/{rel}","templated":true}]}}