{"id":9262,"date":"2023-10-08T16:31:29","date_gmt":"2023-10-08T21:31:29","guid":{"rendered":"https:\/\/perfumeriaintercontinental.com\/?post_type=product&#038;p=9262"},"modified":"2025-03-08T14:27:33","modified_gmt":"2025-03-08T19:27:33","slug":"tom-ford-for-men-eau-de-toilette-caballero-100ml-2","status":"publish","type":"product","link":"https:\/\/perfumeriaintercontinental.com\/index.php\/producto\/tom-ford-for-men-eau-de-toilette-caballero-100ml-2\/","title":{"rendered":"Tom Ford For Men Eau de Toilette Caballero 100ml"},"content":{"rendered":"<p><strong>Tom Ford for Men de Tom Ford<\/strong> es una fragancia de la familia olfativa Almizcle Amaderado Floral para Hombres. <strong>Tom Ford for Men<\/strong> se lanz\u00f3 en 2007. La Nariz detr\u00e1s de esta fragrancia es Yves Cassar. Las Notas de Salida son aceite de hojas de limero, jengibre, mandarina, bergamota, albahaca y hojas de violeta; las Notas de Coraz\u00f3n son hojas de tbc, pimienta, flor del naranjo tunesino y flor del pomelo; las Notas de Fondo son \u00e1mbar, cedro, pachul\u00ed de Virginia, vetiver, musgo de roble, cuero y cipriol (nagarmota).<\/p>\n<p><strong>PERFUMES ORIGINALES<\/strong><\/p>\n","protected":false},"excerpt":{"rendered":"<p>PERFUMES DISE\u00d1ADOR<\/p>\n","protected":false},"featured_media":6532,"comment_status":"open","ping_status":"closed","template":"","meta":{"_eb_attr":"","om_disable_all_campaigns":false,"_monsterinsights_skip_tracking":false,"_monsterinsights_sitenote_active":false,"_monsterinsights_sitenote_note":"","_monsterinsights_sitenote_category":0},"product_brand":[],"product_cat":[209,15,29],"product_tag":[],"class_list":{"0":"post-9262","1":"product","2":"type-product","3":"status-publish","4":"has-post-thumbnail","6":"product_cat-tom-ford","7":"product_cat-todos-los-productos","8":"product_cat-hombre","11":"first","12":"instock","13":"shipping-taxable","14":"purchasable","15":"product-type-simple"},"aioseo_notices":[],"_links":{"self":[{"href":"https:\/\/perfumeriaintercontinental.com\/index.php\/wp-json\/wp\/v2\/product\/9262","targetHints":{"allow":["GET"]}}],"collection":[{"href":"https:\/\/perfumeriaintercontinental.com\/index.php\/wp-json\/wp\/v2\/product"}],"about":[{"href":"https:\/\/perfumeriaintercontinental.com\/index.php\/wp-json\/wp\/v2\/types\/product"}],"replies":[{"embeddable":true,"href":"https:\/\/perfumeriaintercontinental.com\/index.php\/wp-json\/wp\/v2\/comments?post=9262"}],"version-history":[{"count":1,"href":"https:\/\/perfumeriaintercontinental.com\/index.php\/wp-json\/wp\/v2\/product\/9262\/revisions"}],"predecessor-version":[{"id":9263,"href":"https:\/\/perfumeriaintercontinental.com\/index.php\/wp-json\/wp\/v2\/product\/9262\/revisions\/9263"}],"wp:featuredmedia":[{"embeddable":true,"href":"https:\/\/perfumeriaintercontinental.com\/index.php\/wp-json\/wp\/v2\/media\/6532"}],"wp:attachment":[{"href":"https:\/\/perfumeriaintercontinental.com\/index.php\/wp-json\/wp\/v2\/media?parent=9262"}],"wp:term":[{"taxonomy":"product_brand","embeddable":true,"href":"https:\/\/perfumeriaintercontinental.com\/index.php\/wp-json\/wp\/v2\/product_brand?post=9262"},{"taxonomy":"product_cat","embeddable":true,"href":"https:\/\/perfumeriaintercontinental.com\/index.php\/wp-json\/wp\/v2\/product_cat?post=9262"},{"taxonomy":"product_tag","embeddable":true,"href":"https:\/\/perfumeriaintercontinental.com\/index.php\/wp-json\/wp\/v2\/product_tag?post=9262"}],"curies":[{"name":"wp","href":"https:\/\/api.w.org\/{rel}","templated":true}]}}