{"id":9283,"date":"2023-10-08T17:26:53","date_gmt":"2023-10-08T22:26:53","guid":{"rendered":"https:\/\/perfumeriaintercontinental.com\/?post_type=product&#038;p=9283"},"modified":"2025-03-08T13:32:55","modified_gmt":"2025-03-08T18:32:55","slug":"ferragamo-uomo-urban-feel-de-salvatore-ferragamo-edt-caballero-100ml-2","status":"publish","type":"product","link":"https:\/\/perfumeriaintercontinental.com\/index.php\/producto\/ferragamo-uomo-urban-feel-de-salvatore-ferragamo-edt-caballero-100ml-2\/","title":{"rendered":"Ferragamo Uomo Urban Feel De Salvatore Ferragamo EDT Caballero 100ml"},"content":{"rendered":"<p><strong>Uomo Salvatore Ferragamo Urban Feel de Salvatore Ferragamo<\/strong> es una fragancia de la familia olfativa Amaderada para Hombres. <strong>Uomo Salvatore Ferragamo Urban Feel<\/strong> se lanz\u00f3 en 2019. Uomo Salvatore Ferragamo Urban Feel fue creada por Marie Salamagne y Alberto Morillas. Las Notas de Salida son bergamota, notas oz\u00f3nicas, esclarea y caf\u00e9; las Notas de Coraz\u00f3n son trozos de madera a la deriva, cedro y comino; las Notas de Fondo son ambroxan, incienso, pachul\u00ed y l\u00e1dano.<\/p>\n<p><strong>PERFUMES ORIGINALES<\/strong><\/p>\n","protected":false},"excerpt":{"rendered":"<p>PERFUMES DISE\u00d1ADOR<\/p>\n","protected":false},"featured_media":6653,"comment_status":"open","ping_status":"closed","template":"","meta":{"_eb_attr":"","om_disable_all_campaigns":false,"_monsterinsights_skip_tracking":false,"_monsterinsights_sitenote_active":false,"_monsterinsights_sitenote_note":"","_monsterinsights_sitenote_category":0},"product_brand":[],"product_cat":[214,15,29],"product_tag":[],"class_list":{"0":"post-9283","1":"product","2":"type-product","3":"status-publish","4":"has-post-thumbnail","6":"product_cat-salvatore-ferragamo","7":"product_cat-todos-los-productos","8":"product_cat-hombre","11":"first","12":"instock","13":"shipping-taxable","14":"purchasable","15":"product-type-simple"},"aioseo_notices":[],"_links":{"self":[{"href":"https:\/\/perfumeriaintercontinental.com\/index.php\/wp-json\/wp\/v2\/product\/9283","targetHints":{"allow":["GET"]}}],"collection":[{"href":"https:\/\/perfumeriaintercontinental.com\/index.php\/wp-json\/wp\/v2\/product"}],"about":[{"href":"https:\/\/perfumeriaintercontinental.com\/index.php\/wp-json\/wp\/v2\/types\/product"}],"replies":[{"embeddable":true,"href":"https:\/\/perfumeriaintercontinental.com\/index.php\/wp-json\/wp\/v2\/comments?post=9283"}],"version-history":[{"count":1,"href":"https:\/\/perfumeriaintercontinental.com\/index.php\/wp-json\/wp\/v2\/product\/9283\/revisions"}],"predecessor-version":[{"id":9284,"href":"https:\/\/perfumeriaintercontinental.com\/index.php\/wp-json\/wp\/v2\/product\/9283\/revisions\/9284"}],"wp:featuredmedia":[{"embeddable":true,"href":"https:\/\/perfumeriaintercontinental.com\/index.php\/wp-json\/wp\/v2\/media\/6653"}],"wp:attachment":[{"href":"https:\/\/perfumeriaintercontinental.com\/index.php\/wp-json\/wp\/v2\/media?parent=9283"}],"wp:term":[{"taxonomy":"product_brand","embeddable":true,"href":"https:\/\/perfumeriaintercontinental.com\/index.php\/wp-json\/wp\/v2\/product_brand?post=9283"},{"taxonomy":"product_cat","embeddable":true,"href":"https:\/\/perfumeriaintercontinental.com\/index.php\/wp-json\/wp\/v2\/product_cat?post=9283"},{"taxonomy":"product_tag","embeddable":true,"href":"https:\/\/perfumeriaintercontinental.com\/index.php\/wp-json\/wp\/v2\/product_tag?post=9283"}],"curies":[{"name":"wp","href":"https:\/\/api.w.org\/{rel}","templated":true}]}}