{"id":9294,"date":"2023-10-08T18:02:12","date_gmt":"2023-10-08T23:02:12","guid":{"rendered":"https:\/\/perfumeriaintercontinental.com\/?post_type=product&#038;p=9294"},"modified":"2025-03-03T13:47:02","modified_gmt":"2025-03-03T18:47:02","slug":"mont-blanc-emblem-eau-de-toilette-caballero-100ml-2","status":"publish","type":"product","link":"https:\/\/perfumeriaintercontinental.com\/index.php\/producto\/mont-blanc-emblem-eau-de-toilette-caballero-100ml-2\/","title":{"rendered":"Mont Blanc Emblem Eau de Toilette Caballero 100ml"},"content":{"rendered":"<p><strong>Emblem de Montblanc <\/strong>es una fragancia de la familia olfativa Arom\u00e1tica Especiada para Hombres. Emblem se lanz\u00f3 en 2014. La Nariz detr\u00e1s de esta fragrancia es Sonia Constant. Las Notas de Salida son esclarea, toronja (pomelo) y cardamomo; las Notas de Coraz\u00f3n son hojas de violeta y canela; las Notas de Fondo son haba tonka y notas amaderadas.<\/p>\n<p>PERFUMES ORIGINALES<\/p>\n","protected":false},"excerpt":{"rendered":"<p><strong>PERFUMES DISE\u00d1ADOR<\/strong><\/p>\n","protected":false},"featured_media":8201,"comment_status":"open","ping_status":"closed","template":"","meta":{"_eb_attr":"","om_disable_all_campaigns":false,"_monsterinsights_skip_tracking":false,"_monsterinsights_sitenote_active":false,"_monsterinsights_sitenote_note":"","_monsterinsights_sitenote_category":0},"product_brand":[],"product_cat":[253,15,29],"product_tag":[255],"class_list":{"0":"post-9294","1":"product","2":"type-product","3":"status-publish","4":"has-post-thumbnail","6":"product_cat-mont-blanc","7":"product_cat-todos-los-productos","8":"product_cat-hombre","9":"product_tag-perfumes-para-hombre","12":"first","13":"instock","14":"shipping-taxable","15":"purchasable","16":"product-type-simple"},"aioseo_notices":[],"_links":{"self":[{"href":"https:\/\/perfumeriaintercontinental.com\/index.php\/wp-json\/wp\/v2\/product\/9294","targetHints":{"allow":["GET"]}}],"collection":[{"href":"https:\/\/perfumeriaintercontinental.com\/index.php\/wp-json\/wp\/v2\/product"}],"about":[{"href":"https:\/\/perfumeriaintercontinental.com\/index.php\/wp-json\/wp\/v2\/types\/product"}],"replies":[{"embeddable":true,"href":"https:\/\/perfumeriaintercontinental.com\/index.php\/wp-json\/wp\/v2\/comments?post=9294"}],"version-history":[{"count":1,"href":"https:\/\/perfumeriaintercontinental.com\/index.php\/wp-json\/wp\/v2\/product\/9294\/revisions"}],"predecessor-version":[{"id":9295,"href":"https:\/\/perfumeriaintercontinental.com\/index.php\/wp-json\/wp\/v2\/product\/9294\/revisions\/9295"}],"wp:featuredmedia":[{"embeddable":true,"href":"https:\/\/perfumeriaintercontinental.com\/index.php\/wp-json\/wp\/v2\/media\/8201"}],"wp:attachment":[{"href":"https:\/\/perfumeriaintercontinental.com\/index.php\/wp-json\/wp\/v2\/media?parent=9294"}],"wp:term":[{"taxonomy":"product_brand","embeddable":true,"href":"https:\/\/perfumeriaintercontinental.com\/index.php\/wp-json\/wp\/v2\/product_brand?post=9294"},{"taxonomy":"product_cat","embeddable":true,"href":"https:\/\/perfumeriaintercontinental.com\/index.php\/wp-json\/wp\/v2\/product_cat?post=9294"},{"taxonomy":"product_tag","embeddable":true,"href":"https:\/\/perfumeriaintercontinental.com\/index.php\/wp-json\/wp\/v2\/product_tag?post=9294"}],"curies":[{"name":"wp","href":"https:\/\/api.w.org\/{rel}","templated":true}]}}