{"id":9302,"date":"2023-10-08T19:35:45","date_gmt":"2023-10-09T00:35:45","guid":{"rendered":"https:\/\/perfumeriaintercontinental.com\/?post_type=product&#038;p=9302"},"modified":"2025-03-03T13:17:09","modified_gmt":"2025-03-03T18:17:09","slug":"mont-blanc-individuel-eau-de-toilette-caballero-75ml-2","status":"publish","type":"product","link":"https:\/\/perfumeriaintercontinental.com\/index.php\/producto\/mont-blanc-individuel-eau-de-toilette-caballero-75ml-2\/","title":{"rendered":"Mont Blanc Individuel Eau de Toilette Caballero 75ml"},"content":{"rendered":"<p><strong>Individuel de Montblanc<\/strong> es una fragancia de la familia olfativa \u00c1mbar Amaderada para Hombres. <strong>Individuel<\/strong> se lanz\u00f3 en 2003. La Nariz detr\u00e1s de esta fragrancia es Pierre Bourdon. Las Notas de Salida son lavanda, canela, pi\u00f1a, bayas de enebro, menta, bergamota, romero, cardamomo y cilantro; las Notas de Coraz\u00f3n son flor de azahar del naranjo, violeta, geranio y jazm\u00edn; las Notas de Fondo son frambuesa, vainilla, s\u00e1ndalo, chocolate oscuro, almizcle, \u00e1mbar, pachul\u00ed, vetiver y musgo de roble.<\/p>\n<p>PERFUMES ORIGINALES<\/p>\n","protected":false},"excerpt":{"rendered":"<p><strong>PERFUMES DISE\u00d1ADOR<\/strong><\/p>\n","protected":false},"featured_media":8219,"comment_status":"open","ping_status":"closed","template":"","meta":{"_eb_attr":"","om_disable_all_campaigns":false,"_monsterinsights_skip_tracking":false,"_monsterinsights_sitenote_active":false,"_monsterinsights_sitenote_note":"","_monsterinsights_sitenote_category":0},"product_brand":[],"product_cat":[253,15,29],"product_tag":[255],"class_list":{"0":"post-9302","1":"product","2":"type-product","3":"status-publish","4":"has-post-thumbnail","6":"product_cat-mont-blanc","7":"product_cat-todos-los-productos","8":"product_cat-hombre","9":"product_tag-perfumes-para-hombre","12":"first","13":"instock","14":"shipping-taxable","15":"purchasable","16":"product-type-simple"},"aioseo_notices":[],"_links":{"self":[{"href":"https:\/\/perfumeriaintercontinental.com\/index.php\/wp-json\/wp\/v2\/product\/9302","targetHints":{"allow":["GET"]}}],"collection":[{"href":"https:\/\/perfumeriaintercontinental.com\/index.php\/wp-json\/wp\/v2\/product"}],"about":[{"href":"https:\/\/perfumeriaintercontinental.com\/index.php\/wp-json\/wp\/v2\/types\/product"}],"replies":[{"embeddable":true,"href":"https:\/\/perfumeriaintercontinental.com\/index.php\/wp-json\/wp\/v2\/comments?post=9302"}],"version-history":[{"count":1,"href":"https:\/\/perfumeriaintercontinental.com\/index.php\/wp-json\/wp\/v2\/product\/9302\/revisions"}],"predecessor-version":[{"id":9303,"href":"https:\/\/perfumeriaintercontinental.com\/index.php\/wp-json\/wp\/v2\/product\/9302\/revisions\/9303"}],"wp:featuredmedia":[{"embeddable":true,"href":"https:\/\/perfumeriaintercontinental.com\/index.php\/wp-json\/wp\/v2\/media\/8219"}],"wp:attachment":[{"href":"https:\/\/perfumeriaintercontinental.com\/index.php\/wp-json\/wp\/v2\/media?parent=9302"}],"wp:term":[{"taxonomy":"product_brand","embeddable":true,"href":"https:\/\/perfumeriaintercontinental.com\/index.php\/wp-json\/wp\/v2\/product_brand?post=9302"},{"taxonomy":"product_cat","embeddable":true,"href":"https:\/\/perfumeriaintercontinental.com\/index.php\/wp-json\/wp\/v2\/product_cat?post=9302"},{"taxonomy":"product_tag","embeddable":true,"href":"https:\/\/perfumeriaintercontinental.com\/index.php\/wp-json\/wp\/v2\/product_tag?post=9302"}],"curies":[{"name":"wp","href":"https:\/\/api.w.org\/{rel}","templated":true}]}}