{"id":9357,"date":"2023-10-08T22:05:05","date_gmt":"2023-10-09T03:05:05","guid":{"rendered":"https:\/\/perfumeriaintercontinental.com\/?post_type=product&#038;p=9357"},"modified":"2025-03-08T16:30:52","modified_gmt":"2025-03-08T21:30:52","slug":"estuche-mercedes-benz-club-black-eau-de-toilette-2-piezas-caballero-100ml-2","status":"publish","type":"product","link":"https:\/\/perfumeriaintercontinental.com\/index.php\/producto\/estuche-mercedes-benz-club-black-eau-de-toilette-2-piezas-caballero-100ml-2\/","title":{"rendered":"Estuche Mercedes Benz Club Black Eau de Toilette 2 Piezas Caballero 100ml"},"content":{"rendered":"<p><strong>Mercedes Benz Club Black de Mercedes-Benz<\/strong> es una fragancia de la familia olfativa \u00c1mbar para Hombres. <strong>Mercedes Benz Club Black<\/strong> se lanz\u00f3 en 2017. La Nariz detr\u00e1s de esta fragrancia es Olivier Cresp. La Nota de Salida es bergamota; las Notas de Coraz\u00f3n son incienso y jazm\u00edn; las Notas de Fondo son vainilla, benju\u00ed, notas amaderadas y ambroxan.<\/p>\n<p>PERFUMES ORIGINALES<\/p>\n","protected":false},"excerpt":{"rendered":"<p>PERFUMES DISE\u00d1ADOR<\/p>\n","protected":false},"featured_media":8490,"comment_status":"open","ping_status":"closed","template":"","meta":{"_eb_attr":"","om_disable_all_campaigns":false,"_monsterinsights_skip_tracking":false,"_monsterinsights_sitenote_active":false,"_monsterinsights_sitenote_note":"","_monsterinsights_sitenote_category":0},"product_brand":[],"product_cat":[263,15,32,29],"product_tag":[264],"class_list":{"0":"post-9357","1":"product","2":"type-product","3":"status-publish","4":"has-post-thumbnail","6":"product_cat-mercedes-benz","7":"product_cat-todos-los-productos","8":"product_cat-estuches-hombre","9":"product_cat-hombre","10":"product_tag-estuches-de-perfumes","13":"first","14":"instock","15":"shipping-taxable","16":"purchasable","17":"product-type-simple"},"aioseo_notices":[],"_links":{"self":[{"href":"https:\/\/perfumeriaintercontinental.com\/index.php\/wp-json\/wp\/v2\/product\/9357","targetHints":{"allow":["GET"]}}],"collection":[{"href":"https:\/\/perfumeriaintercontinental.com\/index.php\/wp-json\/wp\/v2\/product"}],"about":[{"href":"https:\/\/perfumeriaintercontinental.com\/index.php\/wp-json\/wp\/v2\/types\/product"}],"replies":[{"embeddable":true,"href":"https:\/\/perfumeriaintercontinental.com\/index.php\/wp-json\/wp\/v2\/comments?post=9357"}],"version-history":[{"count":1,"href":"https:\/\/perfumeriaintercontinental.com\/index.php\/wp-json\/wp\/v2\/product\/9357\/revisions"}],"predecessor-version":[{"id":9358,"href":"https:\/\/perfumeriaintercontinental.com\/index.php\/wp-json\/wp\/v2\/product\/9357\/revisions\/9358"}],"wp:featuredmedia":[{"embeddable":true,"href":"https:\/\/perfumeriaintercontinental.com\/index.php\/wp-json\/wp\/v2\/media\/8490"}],"wp:attachment":[{"href":"https:\/\/perfumeriaintercontinental.com\/index.php\/wp-json\/wp\/v2\/media?parent=9357"}],"wp:term":[{"taxonomy":"product_brand","embeddable":true,"href":"https:\/\/perfumeriaintercontinental.com\/index.php\/wp-json\/wp\/v2\/product_brand?post=9357"},{"taxonomy":"product_cat","embeddable":true,"href":"https:\/\/perfumeriaintercontinental.com\/index.php\/wp-json\/wp\/v2\/product_cat?post=9357"},{"taxonomy":"product_tag","embeddable":true,"href":"https:\/\/perfumeriaintercontinental.com\/index.php\/wp-json\/wp\/v2\/product_tag?post=9357"}],"curies":[{"name":"wp","href":"https:\/\/api.w.org\/{rel}","templated":true}]}}