{"id":9639,"date":"2023-11-20T16:32:27","date_gmt":"2023-11-20T21:32:27","guid":{"rendered":"https:\/\/perfumeriaintercontinental.com\/?post_type=product&#038;p=9639"},"modified":"2025-03-03T11:45:14","modified_gmt":"2025-03-03T16:45:14","slug":"perfume-anarch-maison-alhambra-eau-de-parfum-100ml-unisex","status":"publish","type":"product","link":"https:\/\/perfumeriaintercontinental.com\/index.php\/producto\/perfume-anarch-maison-alhambra-eau-de-parfum-100ml-unisex\/","title":{"rendered":"Perfume Anarch Maison Alhambra Eau de Parfum 100ml Unisex"},"content":{"rendered":"<p><strong>Anarch by Maison Alhambra<\/strong>. Las Notas de Salida son Ylang-Ylang, Jazm\u00edn de Agua, Bergamota y Hierba; las Notas de Coraz\u00f3n son melocot\u00f3n, flor de pera, azucena, heliotropo blanco, hoja de violeta y rosa damascena; las Notas de Fondo son madera de cachemira, \u00e9bano, \u00e1mbar, coco, haba tonka, vainilla y az\u00facar.<\/p>\n","protected":false},"excerpt":{"rendered":"<p>Anarch by Maison Alhambra. Las Notas de Salida son Ylang-Ylang, Jazm\u00edn de Agua, Bergamota y Hierba; las Notas de Coraz\u00f3n son melocot\u00f3n, flor de pera, azucena, heliotropo blanco, hoja de violeta y rosa damascena; las Notas de Fondo son madera de cachemira, \u00e9bano, \u00e1mbar, coco, haba tonka, vainilla y az\u00facar.<\/p>\n","protected":false},"featured_media":9641,"comment_status":"open","ping_status":"closed","template":"","meta":{"_eb_attr":"","om_disable_all_campaigns":false,"_monsterinsights_skip_tracking":false,"_monsterinsights_sitenote_active":false,"_monsterinsights_sitenote_note":"","_monsterinsights_sitenote_category":0},"product_brand":[],"product_cat":[154,15,29,30,31],"product_tag":[],"class_list":{"0":"post-9639","1":"product","2":"type-product","3":"status-publish","4":"has-post-thumbnail","6":"product_cat-maison-alhambra","7":"product_cat-todos-los-productos","8":"product_cat-hombre","9":"product_cat-mujer","10":"product_cat-unisex","13":"first","14":"instock","15":"shipping-taxable","16":"purchasable","17":"product-type-simple"},"aioseo_notices":[],"_links":{"self":[{"href":"https:\/\/perfumeriaintercontinental.com\/index.php\/wp-json\/wp\/v2\/product\/9639","targetHints":{"allow":["GET"]}}],"collection":[{"href":"https:\/\/perfumeriaintercontinental.com\/index.php\/wp-json\/wp\/v2\/product"}],"about":[{"href":"https:\/\/perfumeriaintercontinental.com\/index.php\/wp-json\/wp\/v2\/types\/product"}],"replies":[{"embeddable":true,"href":"https:\/\/perfumeriaintercontinental.com\/index.php\/wp-json\/wp\/v2\/comments?post=9639"}],"version-history":[{"count":2,"href":"https:\/\/perfumeriaintercontinental.com\/index.php\/wp-json\/wp\/v2\/product\/9639\/revisions"}],"predecessor-version":[{"id":9642,"href":"https:\/\/perfumeriaintercontinental.com\/index.php\/wp-json\/wp\/v2\/product\/9639\/revisions\/9642"}],"wp:featuredmedia":[{"embeddable":true,"href":"https:\/\/perfumeriaintercontinental.com\/index.php\/wp-json\/wp\/v2\/media\/9641"}],"wp:attachment":[{"href":"https:\/\/perfumeriaintercontinental.com\/index.php\/wp-json\/wp\/v2\/media?parent=9639"}],"wp:term":[{"taxonomy":"product_brand","embeddable":true,"href":"https:\/\/perfumeriaintercontinental.com\/index.php\/wp-json\/wp\/v2\/product_brand?post=9639"},{"taxonomy":"product_cat","embeddable":true,"href":"https:\/\/perfumeriaintercontinental.com\/index.php\/wp-json\/wp\/v2\/product_cat?post=9639"},{"taxonomy":"product_tag","embeddable":true,"href":"https:\/\/perfumeriaintercontinental.com\/index.php\/wp-json\/wp\/v2\/product_tag?post=9639"}],"curies":[{"name":"wp","href":"https:\/\/api.w.org\/{rel}","templated":true}]}}