{"id":9652,"date":"2023-11-20T17:15:37","date_gmt":"2023-11-20T22:15:37","guid":{"rendered":"https:\/\/perfumeriaintercontinental.com\/?post_type=product&#038;p=9652"},"modified":"2025-03-03T11:45:07","modified_gmt":"2025-03-03T16:45:07","slug":"perfume-maison-alhambra-delilah-pour-femme-eau-de-parfum-100ml-dama","status":"publish","type":"product","link":"https:\/\/perfumeriaintercontinental.com\/index.php\/producto\/perfume-maison-alhambra-delilah-pour-femme-eau-de-parfum-100ml-dama\/","title":{"rendered":"Perfume Maison Alhambra Delilah Pour Femme Eau de Parfum 100ml Dama"},"content":{"rendered":"<p>Las Notas de Salida son Jazm\u00edn y Cempas\u00fachil (Tagete, Clavel\u00f3n); las Notas de Coraz\u00f3n son Caramelo y Ambar; las Notas de Fondo son Almizcle, Musgo y Lirio de los Valles (Muguete).<\/p>\n","protected":false},"excerpt":{"rendered":"<p>Las Notas de Salida son Jazm\u00edn y Cempas\u00fachil (Tagete, Clavel\u00f3n); las Notas de Coraz\u00f3n son Caramelo y Ambar; las Notas de Fondo son Almizcle, Musgo y Lirio de los Valles (Muguete).<\/p>\n","protected":false},"featured_media":9653,"comment_status":"open","ping_status":"closed","template":"","meta":{"_eb_attr":"","om_disable_all_campaigns":false,"_monsterinsights_skip_tracking":false,"_monsterinsights_sitenote_active":false,"_monsterinsights_sitenote_note":"","_monsterinsights_sitenote_category":0},"product_brand":[],"product_cat":[154,211,15,29,30,31],"product_tag":[],"class_list":{"0":"post-9652","1":"product","2":"type-product","3":"status-publish","4":"has-post-thumbnail","6":"product_cat-maison-alhambra","7":"product_cat-perfumes-arabes","8":"product_cat-todos-los-productos","9":"product_cat-hombre","10":"product_cat-mujer","11":"product_cat-unisex","14":"first","15":"instock","16":"shipping-taxable","17":"purchasable","18":"product-type-simple"},"aioseo_notices":[],"_links":{"self":[{"href":"https:\/\/perfumeriaintercontinental.com\/index.php\/wp-json\/wp\/v2\/product\/9652","targetHints":{"allow":["GET"]}}],"collection":[{"href":"https:\/\/perfumeriaintercontinental.com\/index.php\/wp-json\/wp\/v2\/product"}],"about":[{"href":"https:\/\/perfumeriaintercontinental.com\/index.php\/wp-json\/wp\/v2\/types\/product"}],"replies":[{"embeddable":true,"href":"https:\/\/perfumeriaintercontinental.com\/index.php\/wp-json\/wp\/v2\/comments?post=9652"}],"version-history":[{"count":1,"href":"https:\/\/perfumeriaintercontinental.com\/index.php\/wp-json\/wp\/v2\/product\/9652\/revisions"}],"predecessor-version":[{"id":9654,"href":"https:\/\/perfumeriaintercontinental.com\/index.php\/wp-json\/wp\/v2\/product\/9652\/revisions\/9654"}],"wp:featuredmedia":[{"embeddable":true,"href":"https:\/\/perfumeriaintercontinental.com\/index.php\/wp-json\/wp\/v2\/media\/9653"}],"wp:attachment":[{"href":"https:\/\/perfumeriaintercontinental.com\/index.php\/wp-json\/wp\/v2\/media?parent=9652"}],"wp:term":[{"taxonomy":"product_brand","embeddable":true,"href":"https:\/\/perfumeriaintercontinental.com\/index.php\/wp-json\/wp\/v2\/product_brand?post=9652"},{"taxonomy":"product_cat","embeddable":true,"href":"https:\/\/perfumeriaintercontinental.com\/index.php\/wp-json\/wp\/v2\/product_cat?post=9652"},{"taxonomy":"product_tag","embeddable":true,"href":"https:\/\/perfumeriaintercontinental.com\/index.php\/wp-json\/wp\/v2\/product_tag?post=9652"}],"curies":[{"name":"wp","href":"https:\/\/api.w.org\/{rel}","templated":true}]}}