{"id":9661,"date":"2023-11-20T17:32:42","date_gmt":"2023-11-20T22:32:42","guid":{"rendered":"https:\/\/perfumeriaintercontinental.com\/?post_type=product&#038;p=9661"},"modified":"2025-03-03T11:38:23","modified_gmt":"2025-03-03T16:38:23","slug":"perfume-jean-lowe-nouveau-de-maison-alhambra-eau-de-parfum-100ml-unisex","status":"publish","type":"product","link":"https:\/\/perfumeriaintercontinental.com\/index.php\/producto\/perfume-jean-lowe-nouveau-de-maison-alhambra-eau-de-parfum-100ml-unisex\/","title":{"rendered":"Perfume Jean Lowe Nouveau de Maison Alhambra Eau de Parfum 100ml Unisex"},"content":{"rendered":"<p>Notas De Salida: Madera de oud y cacao<br \/>\nNotas De Coraz\u00f3n: rosa, azafr\u00e1n, pachul\u00ed y caramelo<br \/>\nNotas De Fondo: grosellas negras, incienso y cuero<\/p>\n","protected":false},"excerpt":{"rendered":"<p>Notas De Salida: Madera de oud y cacao Notas De Coraz\u00f3n: rosa, azafr\u00e1n, pachul\u00ed y caramelo Notas De Fondo: grosellas negras, incienso y cuero<\/p>\n","protected":false},"featured_media":9662,"comment_status":"open","ping_status":"closed","template":"","meta":{"_eb_attr":"","om_disable_all_campaigns":false,"_monsterinsights_skip_tracking":false,"_monsterinsights_sitenote_active":false,"_monsterinsights_sitenote_note":"","_monsterinsights_sitenote_category":0},"product_brand":[],"product_cat":[154,211,15,29,30,31],"product_tag":[],"class_list":{"0":"post-9661","1":"product","2":"type-product","3":"status-publish","4":"has-post-thumbnail","6":"product_cat-maison-alhambra","7":"product_cat-perfumes-arabes","8":"product_cat-todos-los-productos","9":"product_cat-hombre","10":"product_cat-mujer","11":"product_cat-unisex","14":"first","15":"instock","16":"shipping-taxable","17":"purchasable","18":"product-type-simple"},"aioseo_notices":[],"_links":{"self":[{"href":"https:\/\/perfumeriaintercontinental.com\/index.php\/wp-json\/wp\/v2\/product\/9661","targetHints":{"allow":["GET"]}}],"collection":[{"href":"https:\/\/perfumeriaintercontinental.com\/index.php\/wp-json\/wp\/v2\/product"}],"about":[{"href":"https:\/\/perfumeriaintercontinental.com\/index.php\/wp-json\/wp\/v2\/types\/product"}],"replies":[{"embeddable":true,"href":"https:\/\/perfumeriaintercontinental.com\/index.php\/wp-json\/wp\/v2\/comments?post=9661"}],"version-history":[{"count":1,"href":"https:\/\/perfumeriaintercontinental.com\/index.php\/wp-json\/wp\/v2\/product\/9661\/revisions"}],"predecessor-version":[{"id":9663,"href":"https:\/\/perfumeriaintercontinental.com\/index.php\/wp-json\/wp\/v2\/product\/9661\/revisions\/9663"}],"wp:featuredmedia":[{"embeddable":true,"href":"https:\/\/perfumeriaintercontinental.com\/index.php\/wp-json\/wp\/v2\/media\/9662"}],"wp:attachment":[{"href":"https:\/\/perfumeriaintercontinental.com\/index.php\/wp-json\/wp\/v2\/media?parent=9661"}],"wp:term":[{"taxonomy":"product_brand","embeddable":true,"href":"https:\/\/perfumeriaintercontinental.com\/index.php\/wp-json\/wp\/v2\/product_brand?post=9661"},{"taxonomy":"product_cat","embeddable":true,"href":"https:\/\/perfumeriaintercontinental.com\/index.php\/wp-json\/wp\/v2\/product_cat?post=9661"},{"taxonomy":"product_tag","embeddable":true,"href":"https:\/\/perfumeriaintercontinental.com\/index.php\/wp-json\/wp\/v2\/product_tag?post=9661"}],"curies":[{"name":"wp","href":"https:\/\/api.w.org\/{rel}","templated":true}]}}