{"id":9776,"date":"2024-01-15T12:39:27","date_gmt":"2024-01-15T17:39:27","guid":{"rendered":"https:\/\/perfumeriaintercontinental.com\/?post_type=product&#038;p=9776"},"modified":"2025-02-27T16:40:31","modified_gmt":"2025-02-27T21:40:31","slug":"creed-royal-water-eau-de-parfum-100ml-unisex","status":"publish","type":"product","link":"https:\/\/perfumeriaintercontinental.com\/index.php\/producto\/creed-royal-water-eau-de-parfum-100ml-unisex\/","title":{"rendered":"Creed Royal Water Eau de Parfum 100ml Unisex"},"content":{"rendered":"<p><strong>Royal Water de Creed<\/strong> es una fragancia de la familia olfativa C\u00edtrica Arom\u00e1tica para Hombres y Mujeres. <strong>Royal Water<\/strong> se lanz\u00f3 en 1997. La Nariz detr\u00e1s de esta fragrancia es Olivier Creed. Las Notas de Salida son c\u00edtricos y menta; las Notas de Coraz\u00f3n son bayas de enebro y albahaca; las Notas de Fondo son almizcle y \u00e1mbar gris.<\/p>\n<p><strong>PERFUMES ORIGINALES<\/strong><br \/>\nTUS COMPRAS 100% PROTEGIDAS<\/p>\n","protected":false},"excerpt":{"rendered":"<p>PERFUMES DISE\u00d1ADOR<\/p>\n","protected":false},"featured_media":9777,"comment_status":"open","ping_status":"closed","template":"","meta":{"_eb_attr":"","om_disable_all_campaigns":false,"_monsterinsights_skip_tracking":false,"_monsterinsights_sitenote_active":false,"_monsterinsights_sitenote_note":"","_monsterinsights_sitenote_category":0},"product_brand":[],"product_cat":[171,15,29,30,31],"product_tag":[],"class_list":{"0":"post-9776","1":"product","2":"type-product","3":"status-publish","4":"has-post-thumbnail","6":"product_cat-creed","7":"product_cat-todos-los-productos","8":"product_cat-hombre","9":"product_cat-mujer","10":"product_cat-unisex","13":"first","14":"outofstock","15":"shipping-taxable","16":"purchasable","17":"product-type-simple"},"aioseo_notices":[],"_links":{"self":[{"href":"https:\/\/perfumeriaintercontinental.com\/index.php\/wp-json\/wp\/v2\/product\/9776","targetHints":{"allow":["GET"]}}],"collection":[{"href":"https:\/\/perfumeriaintercontinental.com\/index.php\/wp-json\/wp\/v2\/product"}],"about":[{"href":"https:\/\/perfumeriaintercontinental.com\/index.php\/wp-json\/wp\/v2\/types\/product"}],"replies":[{"embeddable":true,"href":"https:\/\/perfumeriaintercontinental.com\/index.php\/wp-json\/wp\/v2\/comments?post=9776"}],"version-history":[{"count":1,"href":"https:\/\/perfumeriaintercontinental.com\/index.php\/wp-json\/wp\/v2\/product\/9776\/revisions"}],"predecessor-version":[{"id":9778,"href":"https:\/\/perfumeriaintercontinental.com\/index.php\/wp-json\/wp\/v2\/product\/9776\/revisions\/9778"}],"wp:featuredmedia":[{"embeddable":true,"href":"https:\/\/perfumeriaintercontinental.com\/index.php\/wp-json\/wp\/v2\/media\/9777"}],"wp:attachment":[{"href":"https:\/\/perfumeriaintercontinental.com\/index.php\/wp-json\/wp\/v2\/media?parent=9776"}],"wp:term":[{"taxonomy":"product_brand","embeddable":true,"href":"https:\/\/perfumeriaintercontinental.com\/index.php\/wp-json\/wp\/v2\/product_brand?post=9776"},{"taxonomy":"product_cat","embeddable":true,"href":"https:\/\/perfumeriaintercontinental.com\/index.php\/wp-json\/wp\/v2\/product_cat?post=9776"},{"taxonomy":"product_tag","embeddable":true,"href":"https:\/\/perfumeriaintercontinental.com\/index.php\/wp-json\/wp\/v2\/product_tag?post=9776"}],"curies":[{"name":"wp","href":"https:\/\/api.w.org\/{rel}","templated":true}]}}