{"id":9972,"date":"2024-01-18T12:37:55","date_gmt":"2024-01-18T17:37:55","guid":{"rendered":"https:\/\/perfumeriaintercontinental.com\/?post_type=product&#038;p=9972"},"modified":"2025-02-27T15:59:17","modified_gmt":"2025-02-27T20:59:17","slug":"chanel-bleu-de-chanel-parfum-pour-homme-100ml-caballero","status":"publish","type":"product","link":"https:\/\/perfumeriaintercontinental.com\/index.php\/producto\/chanel-bleu-de-chanel-parfum-pour-homme-100ml-caballero\/","title":{"rendered":"Chanel Bleu de Chanel Parfum Pour Homme 100ml Caballero"},"content":{"rendered":"<p><strong>Bleu de Chanel Parfum de Chanel<\/strong> es una fragancia de la familia olfativa Amaderada Arom\u00e1tica para Hombres.<strong> Bleu de Chanel Parfum<\/strong> se lanz\u00f3 en 2018. La Nariz detr\u00e1s de esta fragrancia es Olivier Polge. Las Notas de Salida son Entusiasmo de lim\u00f3n, bergamota, menta y abr\u00f3tano; las Notas de Coraz\u00f3n son lavanda, pi\u00f1a, geranio y notas verdes; las Notas de Fondo son s\u00e1ndalo, cedro, Amberwood, Iso E Super y haba tonka.<\/p>\n<p><strong>PERFUMES ORIGINALES<\/strong><br \/>\nTUS COMPRAS 100% PROTEGIDAS<\/p>\n","protected":false},"excerpt":{"rendered":"<p>PERFUMES DISE\u00d1ADOR<\/p>\n","protected":false},"featured_media":9973,"comment_status":"open","ping_status":"closed","template":"","meta":{"_eb_attr":"","om_disable_all_campaigns":false,"_monsterinsights_skip_tracking":false,"_monsterinsights_sitenote_active":false,"_monsterinsights_sitenote_note":"","_monsterinsights_sitenote_category":0},"product_brand":[],"product_cat":[146,15,29],"product_tag":[],"class_list":{"0":"post-9972","1":"product","2":"type-product","3":"status-publish","4":"has-post-thumbnail","6":"product_cat-chanel","7":"product_cat-todos-los-productos","8":"product_cat-hombre","11":"first","12":"instock","13":"shipping-taxable","14":"purchasable","15":"product-type-simple"},"aioseo_notices":[],"_links":{"self":[{"href":"https:\/\/perfumeriaintercontinental.com\/index.php\/wp-json\/wp\/v2\/product\/9972","targetHints":{"allow":["GET"]}}],"collection":[{"href":"https:\/\/perfumeriaintercontinental.com\/index.php\/wp-json\/wp\/v2\/product"}],"about":[{"href":"https:\/\/perfumeriaintercontinental.com\/index.php\/wp-json\/wp\/v2\/types\/product"}],"replies":[{"embeddable":true,"href":"https:\/\/perfumeriaintercontinental.com\/index.php\/wp-json\/wp\/v2\/comments?post=9972"}],"version-history":[{"count":1,"href":"https:\/\/perfumeriaintercontinental.com\/index.php\/wp-json\/wp\/v2\/product\/9972\/revisions"}],"predecessor-version":[{"id":9974,"href":"https:\/\/perfumeriaintercontinental.com\/index.php\/wp-json\/wp\/v2\/product\/9972\/revisions\/9974"}],"wp:featuredmedia":[{"embeddable":true,"href":"https:\/\/perfumeriaintercontinental.com\/index.php\/wp-json\/wp\/v2\/media\/9973"}],"wp:attachment":[{"href":"https:\/\/perfumeriaintercontinental.com\/index.php\/wp-json\/wp\/v2\/media?parent=9972"}],"wp:term":[{"taxonomy":"product_brand","embeddable":true,"href":"https:\/\/perfumeriaintercontinental.com\/index.php\/wp-json\/wp\/v2\/product_brand?post=9972"},{"taxonomy":"product_cat","embeddable":true,"href":"https:\/\/perfumeriaintercontinental.com\/index.php\/wp-json\/wp\/v2\/product_cat?post=9972"},{"taxonomy":"product_tag","embeddable":true,"href":"https:\/\/perfumeriaintercontinental.com\/index.php\/wp-json\/wp\/v2\/product_tag?post=9972"}],"curies":[{"name":"wp","href":"https:\/\/api.w.org\/{rel}","templated":true}]}}